{"id":19,"date":"2025-05-05T10:27:38","date_gmt":"2025-05-05T08:27:38","guid":{"rendered":"https:\/\/www.massagedax1.se\/?page_id=19"},"modified":"2025-05-05T11:11:10","modified_gmt":"2025-05-05T09:11:10","slug":"kontakt","status":"publish","type":"page","link":"https:\/\/www.massagedax1.se\/index.php\/exempelsida\/kontakt\/","title":{"rendered":"Kontakt och \u00f6ppettider"},"content":{"rendered":"<h3>Boka tid hos mig:<\/h3>\n<p>F\u00f6r att boka tid kan du skicka sms till mig p\u00e5 073-66 43 403.<br \/>\nDu kan \u00e4ven boka via <a href=\"https:\/\/www.bokadirekt.se\/places\/massagedax1-129336\">Boka direkt V\u00e4nersborg<\/a><\/p>\n<p>Du hittar mig p\u00e5 Odenv\u00e4gen 12, 462 54 V\u00e4nersborg.<\/p>\n<h3>H\u00e4r hittar du mina \u00f6ppettider:<\/h3>\n<ul>\n<li><span class=\"basis-[60px]\">M\u00e5ndagar <\/span><span class=\"z-auto flex-1\">16:30-21:00<\/span><\/li>\n<li class=\"!text-black-600 relative flex w-full list-none flex-row leading-[28px]\"><span class=\"basis-[60px]\">Tisdagar <\/span><span class=\"z-auto flex-1\">16:30-21:00<\/span><\/li>\n<li class=\"!text-black-600 relative flex w-full list-none flex-row leading-[28px]\"><span class=\"basis-[60px]\">Onsdagar <\/span><span class=\"z-auto flex-1\">16:30-21:00<\/span><\/li>\n<li class=\"!text-black-600 relative flex w-full list-none flex-row leading-[28px]\"><span class=\"basis-[60px]\">Torsdagar <\/span><span class=\"z-auto flex-1\">16:30-21:00<\/span><\/li>\n<li class=\"!text-black-600 relative flex w-full list-none flex-row leading-[28px]\"><span class=\"basis-[60px]\">Fredagar s<\/span><span class=\"z-auto flex-1\">t\u00e4ngt<\/span><\/li>\n<li class=\"!text-black-600 relative flex w-full list-none flex-row leading-[28px]\"><span class=\"basis-[60px]\">L\u00f6rdagar s<\/span><span class=\"z-auto flex-1\">t\u00e4ngt<\/span><\/li>\n<li class=\"!text-black-600 relative flex w-full list-none flex-row leading-[28px]\"><span class=\"basis-[60px]\">S\u00f6ndagar <\/span><span class=\"z-auto flex-1\">19:00-21:00<\/span><\/li>\n<\/ul>\n<p>F\u00f6r massage p\u00e5 andra tider, kontakta mig via sms.<\/p>\n","protected":false},"excerpt":{"rendered":"<p>Boka tid hos mig: F\u00f6r att boka tid kan du skicka sms till mig p\u00e5 073-66 43 403. Du kan \u00e4ven boka via Boka direkt V\u00e4nersborg Du hittar mig p\u00e5 Odenv\u00e4gen 12, 462 54 V\u00e4nersborg. H\u00e4r hittar du mina \u00f6ppettider:&#8230; <a class=\"more-link\" href=\"https:\/\/www.massagedax1.se\/index.php\/exempelsida\/kontakt\/\">Forts\u00e4tt l\u00e4sa &rarr;<\/a><\/p>\n","protected":false},"author":2,"featured_media":42,"parent":2,"menu_order":0,"comment_status":"closed","ping_status":"closed","template":"","meta":{"footnotes":""},"class_list":["post-19","page","type-page","status-publish","has-post-thumbnail","hentry"],"_links":{"self":[{"href":"https:\/\/www.massagedax1.se\/index.php\/wp-json\/wp\/v2\/pages\/19","targetHints":{"allow":["GET"]}}],"collection":[{"href":"https:\/\/www.massagedax1.se\/index.php\/wp-json\/wp\/v2\/pages"}],"about":[{"href":"https:\/\/www.massagedax1.se\/index.php\/wp-json\/wp\/v2\/types\/page"}],"author":[{"embeddable":true,"href":"https:\/\/www.massagedax1.se\/index.php\/wp-json\/wp\/v2\/users\/2"}],"replies":[{"embeddable":true,"href":"https:\/\/www.massagedax1.se\/index.php\/wp-json\/wp\/v2\/comments?post=19"}],"version-history":[{"count":5,"href":"https:\/\/www.massagedax1.se\/index.php\/wp-json\/wp\/v2\/pages\/19\/revisions"}],"predecessor-version":[{"id":27,"href":"https:\/\/www.massagedax1.se\/index.php\/wp-json\/wp\/v2\/pages\/19\/revisions\/27"}],"up":[{"embeddable":true,"href":"https:\/\/www.massagedax1.se\/index.php\/wp-json\/wp\/v2\/pages\/2"}],"wp:featuredmedia":[{"embeddable":true,"href":"https:\/\/www.massagedax1.se\/index.php\/wp-json\/wp\/v2\/media\/42"}],"wp:attachment":[{"href":"https:\/\/www.massagedax1.se\/index.php\/wp-json\/wp\/v2\/media?parent=19"}],"curies":[{"name":"wp","href":"https:\/\/api.w.org\/{rel}","templated":true}]}}