{"id":14,"date":"2025-05-05T10:24:45","date_gmt":"2025-05-05T08:24:45","guid":{"rendered":"https:\/\/www.massagedax1.se\/?page_id=14"},"modified":"2025-05-05T11:37:50","modified_gmt":"2025-05-05T09:37:50","slug":"om-mig","status":"publish","type":"page","link":"https:\/\/www.massagedax1.se\/index.php\/exempelsida\/om-mig\/","title":{"rendered":"Om mig"},"content":{"rendered":"<p>Hej!<br \/>\nJag heter Ann-Helen Brobeck och \u00e4r utbildad friskv\u00e5rdsmass\u00f6r. Min utbildning gick jag p\u00e5 Axelsons Institute i G\u00f6teborg.<\/p>\n<p>Att f\u00e5 massera och se hur positiv inverkan behandlingen har p\u00e5 personen som f\u00e5r min \u00a0massage \u00e4r s\u00e5 inspirerande. Det g\u00f6r att jag g\u00e4rna \u00e4gnar mig \u00e5t mina kunder.<\/p>\n<p>Jag erbjuder Svensk klassisk massage och lymfmassage. N\u00e4r du bokar en behandling hos mig vill jag att du ska f\u00e5 den b\u00e4sta stunden som din kropps muskler beh\u00f6ver samt en lugn stund f\u00f6r att h\u00e4mta kraft.<\/p>\n<p>V\u00e4lkommen till mig!<\/p>\n<p><img loading=\"lazy\" decoding=\"async\" class=\"alignnone size-medium wp-image-39\" src=\"https:\/\/www.massagedax1.se\/wp-content\/uploads\/2025\/05\/494866096_2488167524857763_3370152013923942546_n-300x300.jpg\" alt=\"\" width=\"300\" height=\"300\" srcset=\"https:\/\/www.massagedax1.se\/wp-content\/uploads\/2025\/05\/494866096_2488167524857763_3370152013923942546_n-300x300.jpg 300w, https:\/\/www.massagedax1.se\/wp-content\/uploads\/2025\/05\/494866096_2488167524857763_3370152013923942546_n-1024x1020.jpg 1024w, https:\/\/www.massagedax1.se\/wp-content\/uploads\/2025\/05\/494866096_2488167524857763_3370152013923942546_n-150x150.jpg 150w, https:\/\/www.massagedax1.se\/wp-content\/uploads\/2025\/05\/494866096_2488167524857763_3370152013923942546_n-768x765.jpg 768w, https:\/\/www.massagedax1.se\/wp-content\/uploads\/2025\/05\/494866096_2488167524857763_3370152013923942546_n-666x666.jpg 666w, https:\/\/www.massagedax1.se\/wp-content\/uploads\/2025\/05\/494866096_2488167524857763_3370152013923942546_n.jpg 1080w\" sizes=\"auto, (max-width: 300px) 100vw, 300px\" \/><\/p>\n","protected":false},"excerpt":{"rendered":"<p>Hej! Jag heter Ann-Helen Brobeck och \u00e4r utbildad friskv\u00e5rdsmass\u00f6r. Min utbildning gick jag p\u00e5 Axelsons Institute i G\u00f6teborg. Att f\u00e5 massera och se hur positiv inverkan behandlingen har p\u00e5 personen som f\u00e5r min \u00a0massage \u00e4r s\u00e5 inspirerande. Det g\u00f6r att&#8230; <a class=\"more-link\" href=\"https:\/\/www.massagedax1.se\/index.php\/exempelsida\/om-mig\/\">Forts\u00e4tt l\u00e4sa &rarr;<\/a><\/p>\n","protected":false},"author":2,"featured_media":39,"parent":2,"menu_order":0,"comment_status":"closed","ping_status":"closed","template":"templates\/right-sidebar.php","meta":{"footnotes":""},"class_list":["post-14","page","type-page","status-publish","has-post-thumbnail","hentry"],"_links":{"self":[{"href":"https:\/\/www.massagedax1.se\/index.php\/wp-json\/wp\/v2\/pages\/14","targetHints":{"allow":["GET"]}}],"collection":[{"href":"https:\/\/www.massagedax1.se\/index.php\/wp-json\/wp\/v2\/pages"}],"about":[{"href":"https:\/\/www.massagedax1.se\/index.php\/wp-json\/wp\/v2\/types\/page"}],"author":[{"embeddable":true,"href":"https:\/\/www.massagedax1.se\/index.php\/wp-json\/wp\/v2\/users\/2"}],"replies":[{"embeddable":true,"href":"https:\/\/www.massagedax1.se\/index.php\/wp-json\/wp\/v2\/comments?post=14"}],"version-history":[{"count":4,"href":"https:\/\/www.massagedax1.se\/index.php\/wp-json\/wp\/v2\/pages\/14\/revisions"}],"predecessor-version":[{"id":40,"href":"https:\/\/www.massagedax1.se\/index.php\/wp-json\/wp\/v2\/pages\/14\/revisions\/40"}],"up":[{"embeddable":true,"href":"https:\/\/www.massagedax1.se\/index.php\/wp-json\/wp\/v2\/pages\/2"}],"wp:featuredmedia":[{"embeddable":true,"href":"https:\/\/www.massagedax1.se\/index.php\/wp-json\/wp\/v2\/media\/39"}],"wp:attachment":[{"href":"https:\/\/www.massagedax1.se\/index.php\/wp-json\/wp\/v2\/media?parent=14"}],"curies":[{"name":"wp","href":"https:\/\/api.w.org\/{rel}","templated":true}]}}